{"id":11,"date":"2015-11-25T17:51:18","date_gmt":"2015-11-25T16:51:18","guid":{"rendered":"http:\/\/events.web2.wildweb.no\/?page_id=9712"},"modified":"2020-01-14T08:26:20","modified_gmt":"2020-01-14T07:26:20","slug":"om-anza-academy","status":"publish","type":"page","link":"https:\/\/anzaacademy.fi\/om-anza-academy\/?lang=sv","title":{"rendered":"Anza Academy"},"content":{"rendered":"<div><img loading=\"lazy\" decoding=\"async\" class=\"size-full wp-image-8214 alignright\" src=\"https:\/\/anzaacademy.fi\/app\/uploads\/sites\/12\/2019\/10\/pallett.png\" alt=\"F\u00e4rgpalett\" width=\"381\" height=\"743\" srcset=\"https:\/\/pro.anzaacademy.se\/app\/uploads\/sites\/12\/2019\/10\/pallett.png 381w, https:\/\/pro.anzaacademy.se\/app\/uploads\/sites\/12\/2019\/10\/pallett-154x300.png 154w\" sizes=\"auto, (max-width: 381px) 100vw, 381px\" \/><\/div>\n<div class=\"about-block alignleft\">\n<h2>Kom p\u00e5 r\u00e4tt kurs<\/h2>\n<p>Hur s\u00e4ljer man penslar och andra m\u00e5leriverktyg p\u00e5 b\u00e4sta s\u00e4tt? V\u00e5ra olika utbildningar ger dig den v\u00e4gledning du beh\u00f6ver, b\u00e5de vad g\u00e4ller produkternas anv\u00e4ndning och ergonomi i allm\u00e4nhet. Du f\u00e5r v\u00e4rdefull kunskap som g\u00f6r det l\u00e4ttare att bem\u00f6ta kundernas fr\u00e5gor och funderingar.<\/p>\n<\/div>\n<div><img loading=\"lazy\" decoding=\"async\" class=\"alignleft wp-image-8217 size-full\" src=\"https:\/\/anzaacademy.fi\/app\/uploads\/sites\/12\/2019\/10\/roller.png\" alt=\"\" width=\"720\" height=\"651\" srcset=\"https:\/\/pro.anzaacademy.se\/app\/uploads\/sites\/12\/2019\/10\/roller.png 720w, https:\/\/pro.anzaacademy.se\/app\/uploads\/sites\/12\/2019\/10\/roller-300x271.png 300w\" sizes=\"auto, (max-width: 720px) 100vw, 720px\" \/><\/div>\n<div class=\"about-block alignright\">\n<h3>Webbaserad utbildning<\/h3>\n<h4>F\u00f6r vem?<\/h4>\n<p>Butikspersonal och nyanst\u00e4llda som vill f\u00f6rdjupa kunskaperna inf\u00f6r en ny s\u00e4song.<\/p>\n<h4>Inneh\u00e5ll<\/h4>\n<p>Baskunskap. S\u00e4ljtips och produktkunskap &#8211; endast teori<\/p>\n<h4>F\u00f6rkunskapskrav<\/h4>\n<p>Inga.<\/p>\n<p><form method=\"POST\" action=\"https:\/\/anzaacademy.fi\/aktiviteter\/mobilkurs-2019\/\"><input type=\"hidden\" name=\"ee\" value=\"process_ticket_selections\"><input type=\"hidden\" name=\"noheader\" value=\"true\"\/><input type=\"hidden\" name=\"tkt-slctr-return-url-3995\" value=\"https:\/\/anzaacademy.fi\/wp\/wp-json\/wp\/v2\/pages\/11#tkt-slctr-tbl-3995\"\/><input type=\"hidden\" name=\"tkt-slctr-rows-3995\" value=\"1\"\/><input type=\"hidden\" name=\"tkt-slctr-max-atndz-3995\" value=\"1\"\/><input type=\"hidden\" name=\"tkt-slctr-event-id\" value=\"3995\"\/><input type=\"hidden\" name=\"tkt-slctr-qty-3995[]\" value=\"1\"\/>\n<input type=\"hidden\" name=\"tkt-slctr-ticket-id-3995[]\" value=\"54\"\/>\n<div id=\"no-tkt-slctr-ticket-dv-3995\" class=\"no-tkt-slctr-ticket-dv\">\n    <div class=\"no-tkt-slctr-ticket-content-dv\">\n        <h5>Mobilkurs 2020<\/h5>\n                <p><\/p>            <\/div><!-- .no-tkt-slctr-ticket-content-dv -->\n<div class=\"tkt-slctr-request-processor-dv\" style=\"float:left; margin:0 0 0 -999em; height: 0;\"><label for=\"tkt-slctr-request-processor-email-1775246307.2201\">\u00e4l\u00e4 sy\u00f6t\u00e4 t\u00e4h\u00e4n kentt\u00e4\u00e4n mit\u00e4\u00e4n<\/label><input type=\"email\" id=\"tkt-slctr-request-processor-email-1775246307.2201\" name=\"tkt-slctr-request-processor-email\" value=\"\"\/><input type=\"hidden\" name=\"tkt-slctr-request-processor-token\" value=\"RlcyMkF3NHBGV3F0eFFOYkRGY2xRZz09Oml2Oq3ATX7AIUrWkt\/7JsNOJmk=\"\/><\/div><!-- .tkt-slctr-request-processor-dv -->\n<div id=\"ticket-selector-submit-3995-btn-wrap\" class=\"ticket-selector-submit-btn-wrap\"><input id=\"ticket-selector-submit-3995-btn\" class=\"ticket-selector-submit-btn ticket-selector-submit-ajax\" type=\"submit\" value=\"Ilmoittaudu mukaan nyt!\" \/>\n<\/div><!-- .ticket-selector-submit-btn-wrap --><div class=\"clear\"><\/div><!-- clearTicketSelector --><\/div><!-- ticketSelectorEndDiv --><br\/><\/form><\/p><\/div>\n<div class=\"about-block alignleft clearboth\">\n<h3>Ambassad\u00f6rsdagar<\/h3>\n<h4>F\u00f6r vem?<\/h4>\n<p>Butiks- och avdelningssansvariga som inte arbetar i en butikskedja, eller anst\u00e4llda i butikskedjor som inte erbjuds egen utbildning.<\/p>\n<h4>Inneh\u00e5ll<\/h4>\n<p>Grundlig och f\u00f6rdjupad kunskap kring flera olika<br \/>\nm\u00e5larprojekt med praktiskt arbete som fokus. Inneh\u00e5ller ocks\u00e5 fabriksbes\u00f6k<br \/>\noch inspirationsf\u00f6rel\u00e4sning i Sveriges penselmecka &#8211; Bankeryd.<\/p>\n<h4>F\u00f6rkunskapskrav<\/h4>\n<p>Webbaserade utbildning.<\/p>\n<\/div>\n<div class=\"about-block alignright\" style=\"margin-right: 20%\">\n<h3>Utbildning f\u00f6r kedjor<\/h3>\n<h4>F\u00f6r vem?<\/h4>\n<p>Kedjeunik utbildning f\u00f6r butikspersonal och nyanst\u00e4llda som vill<br \/>\nfr\u00e4scha upp minnet eller f\u00f6rdjupa kunskaperna inf\u00f6r en ny s\u00e4song.<\/p>\n<h4>Inneh\u00e5ll<\/h4>\n<p>Grundlig och f\u00f6rdjupad kunskap kring flera olika m\u00e5larprojekt. Teori<br \/>\noch praktik blandas f\u00f6r att du som deltagare ska f\u00e5 ut s\u00e5 mycket<br \/>\nsom m\u00f6jligt av kursen. Utbildningen genomf\u00f6rs tillsammans med<br \/>\nf\u00e4rgleverant\u00f6r vilket ger dig kunskap \u00e4ven inom f\u00e4rgl\u00e4ra. 2 dagars<br \/>\nutbildning p\u00e5 fysisk plats med god mat och underh\u00e5llning.<\/p>\n<h4>F\u00f6rkunskapskrav<\/h4>\n<p>Webbaserade utbildning.<\/p>\n<\/div>\n<div class=\"clearboth\"><img loading=\"lazy\" decoding=\"async\" class=\"alignright size-full wp-image-8253\" src=\"https:\/\/anzaacademy.fi\/app\/uploads\/sites\/12\/2019\/10\/multiverktyg.png\" alt=\"\" width=\"943\" height=\"268\" srcset=\"https:\/\/pro.anzaacademy.se\/app\/uploads\/sites\/12\/2019\/10\/multiverktyg.png 943w, https:\/\/pro.anzaacademy.se\/app\/uploads\/sites\/12\/2019\/10\/multiverktyg-300x85.png 300w, https:\/\/pro.anzaacademy.se\/app\/uploads\/sites\/12\/2019\/10\/multiverktyg-768x218.png 768w\" sizes=\"auto, (max-width: 943px) 100vw, 943px\" \/><\/div>\n<div class=\"about-block alignleft\">\n<p>&nbsp;<\/p>\n<\/div>\n","protected":false},"excerpt":{"rendered":"<p>Kom p\u00e5 r\u00e4tt kurs Hur s\u00e4ljer man penslar och andra m\u00e5leriverktyg p\u00e5 b\u00e4sta s\u00e4tt? V\u00e5ra olika utbildningar ger dig den v\u00e4gledning du beh\u00f6ver, b\u00e5de vad g\u00e4ller produkternas anv\u00e4ndning och ergonomi i allm\u00e4nhet. Du f\u00e5r v\u00e4rdefull kunskap som g\u00f6r det l\u00e4ttare att bem\u00f6ta kundernas fr\u00e5gor och funderingar. Webbaserad utbildning F\u00f6r vem? Butikspersonal och nyanst\u00e4llda som vill [&hellip;]<\/p>\n","protected":false},"author":1,"featured_media":0,"parent":0,"menu_order":0,"comment_status":"closed","ping_status":"closed","template":"","meta":{"_acf_changed":false,"footnotes":""},"class_list":["post-11","page","type-page","status-publish","hentry"],"acf":[],"_links":{"self":[{"href":"https:\/\/anzaacademy.fi\/wp\/wp-json\/wp\/v2\/pages\/11","targetHints":{"allow":["GET"]}}],"collection":[{"href":"https:\/\/anzaacademy.fi\/wp\/wp-json\/wp\/v2\/pages"}],"about":[{"href":"https:\/\/anzaacademy.fi\/wp\/wp-json\/wp\/v2\/types\/page"}],"author":[{"embeddable":true,"href":"https:\/\/anzaacademy.fi\/wp\/wp-json\/wp\/v2\/users\/1"}],"replies":[{"embeddable":true,"href":"https:\/\/anzaacademy.fi\/wp\/wp-json\/wp\/v2\/comments?post=11"}],"version-history":[{"count":6,"href":"https:\/\/anzaacademy.fi\/wp\/wp-json\/wp\/v2\/pages\/11\/revisions"}],"predecessor-version":[{"id":8413,"href":"https:\/\/anzaacademy.fi\/wp\/wp-json\/wp\/v2\/pages\/11\/revisions\/8413"}],"wp:attachment":[{"href":"https:\/\/anzaacademy.fi\/wp\/wp-json\/wp\/v2\/media?parent=11"}],"curies":[{"name":"wp","href":"https:\/\/api.w.org\/{rel}","templated":true}]}}