{"id":8381,"date":"2020-01-06T09:45:57","date_gmt":"2020-01-06T08:45:57","guid":{"rendered":"https:\/\/se.anzaacademy.jordankurs.no\/?page_id=8381"},"modified":"2020-01-06T09:56:11","modified_gmt":"2020-01-06T08:56:11","slug":"glomt-losenord","status":"publish","type":"page","link":"https:\/\/anzaacademy.fi\/glomt-losenord\/?lang=sv","title":{"rendered":"Gl\u00f6mt l\u00f6senord"},"content":{"rendered":"\r\n<div id=\"password-lost-form-wrap\">\r\n\r\n\t\r\n\t\r\n\t<form id=\"lostpasswordform\" method=\"post\" class=\"account-page-form\">\r\n\t\t<fieldset>\r\n\t\t\t<legend>Aseta salasana uudelleen<\/legend>\r\n\r\n\t\t\t<div class=\"somfrp-lost-pass-form-text\">\r\n\t\t\t\t<p class=\"extra-space\">Anna s\u00e4hk\u00f6postiosoitteesi tai k\u00e4ytt\u00e4j\u00e4tunnuksesi. Saat s\u00e4hk\u00f6postiin linkin, jonka kautta voit asettaa uuden salasanan.<\/p>\t\t\t<\/div>\r\n\r\n\t\t\t<p class=\"no-margin\">\r\n\t\t\t\t<label for=\"somfrp_user_info\">S\u00e4hk\u00f6postiostiosoite tai k\u00e4ytt\u00e4j\u00e4tunnus<\/label>\r\n\t\t\t\t<input type=\"text\" name=\"somfrp_user_info\" id=\"somfrp_user_info\" required autocomplete=\"username\">\r\n\t\t\t<\/p>\r\n\t\t\t\r\n\r\n\t\t\t<div class=\"lostpassword-submit\">\r\n\t\t\t\t<input type=\"hidden\" id=\"somfrp_nonce\" name=\"somfrp_nonce\" value=\"e75c06c066\" \/><input type=\"hidden\" name=\"_wp_http_referer\" value=\"\/wp\/wp-json\/wp\/v2\/pages\/8381\" \/>\t\t\t\t<input type=\"hidden\" name=\"submitted\" id=\"submitted\" value=\"true\">\r\n\t\t\t\t<input type=\"hidden\" name=\"somfrp_action\" id=\"somfrp_post_action\" value=\"somfrp_lost_pass\">\r\n\t\t\t\t<button type=\"submit\" id=\"reset-pass-submit\" name=\"reset-pass-submit\" class=\"button big-btn\">Aseta salasana uudelleen<\/button>\r\n\t\t\t<\/div>\r\n\r\n\t\t<\/fieldset>\r\n\t<\/form>\r\n\r\n<\/div>\n","protected":false},"excerpt":{"rendered":"","protected":false},"author":1,"featured_media":0,"parent":0,"menu_order":0,"comment_status":"closed","ping_status":"closed","template":"profile.php","meta":{"_acf_changed":false,"footnotes":""},"class_list":["post-8381","page","type-page","status-publish","hentry"],"acf":[],"_links":{"self":[{"href":"https:\/\/anzaacademy.fi\/wp\/wp-json\/wp\/v2\/pages\/8381","targetHints":{"allow":["GET"]}}],"collection":[{"href":"https:\/\/anzaacademy.fi\/wp\/wp-json\/wp\/v2\/pages"}],"about":[{"href":"https:\/\/anzaacademy.fi\/wp\/wp-json\/wp\/v2\/types\/page"}],"author":[{"embeddable":true,"href":"https:\/\/anzaacademy.fi\/wp\/wp-json\/wp\/v2\/users\/1"}],"replies":[{"embeddable":true,"href":"https:\/\/anzaacademy.fi\/wp\/wp-json\/wp\/v2\/comments?post=8381"}],"version-history":[{"count":1,"href":"https:\/\/anzaacademy.fi\/wp\/wp-json\/wp\/v2\/pages\/8381\/revisions"}],"predecessor-version":[{"id":8382,"href":"https:\/\/anzaacademy.fi\/wp\/wp-json\/wp\/v2\/pages\/8381\/revisions\/8382"}],"wp:attachment":[{"href":"https:\/\/anzaacademy.fi\/wp\/wp-json\/wp\/v2\/media?parent=8381"}],"curies":[{"name":"wp","href":"https:\/\/api.w.org\/{rel}","templated":true}]}}